{"id":536,"date":"2025-09-24T18:58:10","date_gmt":"2025-09-24T18:58:10","guid":{"rendered":"https:\/\/dukagjinigroup.com\/?page_id=536"},"modified":"2025-09-29T17:52:00","modified_gmt":"2025-09-29T17:52:00","slug":"per-ne","status":"publish","type":"page","link":"https:\/\/dukagjinigroup.com\/en\/per-ne\/","title":{"rendered":"About Us"},"content":{"rendered":"<div data-elementor-type=\"wp-page\" data-elementor-id=\"536\" class=\"elementor elementor-536\">\n\t\t\t\t<div class=\"elementor-element elementor-element-86c1198 e-flex e-con-boxed wpr-particle-no wpr-jarallax-no wpr-parallax-no wpr-sticky-section-no e-con e-parent\" data-id=\"86c1198\" data-element_type=\"container\" data-settings=\"{&quot;background_background&quot;:&quot;slideshow&quot;,&quot;background_slideshow_gallery&quot;:[{&quot;id&quot;:&quot;13&quot;,&quot;url&quot;:&quot;https:\\\/\\\/dukagjinigroup.com\\\/wp-content\\\/uploads\\\/2025\\\/09\\\/imgi_5_63.jpg&quot;},{&quot;id&quot;:&quot;14&quot;,&quot;url&quot;:&quot;https:\\\/\\\/dukagjinigroup.com\\\/wp-content\\\/uploads\\\/2025\\\/09\\\/imgi_6_47.jpg&quot;}],&quot;background_slideshow_loop&quot;:&quot;yes&quot;,&quot;background_slideshow_slide_duration&quot;:5000,&quot;background_slideshow_slide_transition&quot;:&quot;fade&quot;,&quot;background_slideshow_transition_duration&quot;:500}\">\n\t\t\t\t\t<div class=\"e-con-inner\">\n\t\t\t\t<div class=\"elementor-element elementor-element-4bf65d6 jltma-glass-effect-no elementor-widget elementor-widget-heading\" data-id=\"4bf65d6\" data-element_type=\"widget\" data-widget_type=\"heading.default\">\n\t\t\t\t\t<h2 class=\"elementor-heading-title elementor-size-default\">Per Ne<\/h2>\t\t\t\t<\/div>\n\t\t\t\t\t<\/div>\n\t\t\t\t<\/div>\n\t\t<div class=\"elementor-element elementor-element-ffd1b22 e-flex e-con-boxed wpr-particle-no wpr-jarallax-no wpr-parallax-no wpr-sticky-section-no e-con e-parent\" data-id=\"ffd1b22\" data-element_type=\"container\">\n\t\t\t\t\t<div class=\"e-con-inner\">\n\t\t<div class=\"elementor-element elementor-element-4d04538 e-con-full e-flex wpr-particle-no wpr-jarallax-no wpr-parallax-no wpr-sticky-section-no e-con e-child\" data-id=\"4d04538\" data-element_type=\"container\" data-settings=\"{&quot;background_background&quot;:&quot;classic&quot;}\">\n\t\t\t\t<div class=\"elementor-element elementor-element-6d383a0 jltma-glass-effect-no elementor-widget elementor-widget-heading\" data-id=\"6d383a0\" data-element_type=\"widget\" data-widget_type=\"heading.default\">\n\t\t\t\t\t<h2 class=\"elementor-heading-title elementor-size-default\">About Us\n<\/h2>\t\t\t\t<\/div>\n\t\t\t\t<div class=\"elementor-element elementor-element-7ea6691 jltma-glass-effect-no elementor-invisible elementor-widget elementor-widget-text-editor\" data-id=\"7ea6691\" data-element_type=\"widget\" data-settings=\"{&quot;_animation&quot;:&quot;fadeInUp&quot;}\" data-widget_type=\"text-editor.default\">\n\t\t\t\t\t\t\t\t\t<p>The name of the \"Dukagjini\" Corporation is closely linked to the society's comprehensive efforts for private economy initiatives.<\/p>\t\t\t\t\t\t\t\t<\/div>\n\t\t\t\t<div class=\"elementor-element elementor-element-d905bed jltma-glass-effect-no elementor-invisible elementor-widget elementor-widget-text-editor\" data-id=\"d905bed\" data-element_type=\"widget\" data-settings=\"{&quot;_animation&quot;:&quot;fadeIn&quot;}\" data-widget_type=\"text-editor.default\">\n\t\t\t\t\t\t\t\t\t<section id=\"about-content\" class=\"pergjegjesia-kompanive\"><div class=\"container\"><div class=\"row\"><div class=\"col-md-12 col-padding-12 animated fadeIn visible\" data-animation=\"fadeIn\" data-animation-delay=\"100\"><div class=\"inner-content\"><section id=\"about-content\" class=\"pergjegjesia-kompanive\"><div class=\"container\"><div class=\"row\"><div class=\"col-md-12 col-padding-12 animated fadeIn visible\" data-animation=\"fadeIn\" data-animation-delay=\"100\"><div class=\"inner-content\"><p>Nj\u00eb makin\u00eb e vjet\u00ebr e tipit &#8220;TIPO&#8221; sh\u00ebnoi fillet e suksesit ton\u00eb. Nj\u00eb shtypshkronj\u00eb e vog\u00ebl, me 2-3 pun\u00ebtor\u00eb, trasoi rrug\u00ebn ton\u00eb t\u00eb afarizmit. U fillua n\u00eb vitin 1987, p\u00ebr t\u2019u b\u00ebr\u00eb sinonim i afarizmit bashk\u00ebkohor, shembull i dinamizmit dhe efikasitetit zhvillimor. Nuk u desh shum\u00eb koh\u00eb p\u00ebr t\u00eb kap\u00ebrcyer kufijt\u00eb e Kosov\u00ebs, duke u vler\u00ebsuar gjat\u00eb k\u00ebtij rrug\u00ebtimi me \u00e7mimet m\u00eb t\u00eb larta n\u00eb instancat e njohura europiane e bot\u00ebrore t\u00eb biznesit.<\/p><p>Makina &#8220;TIPO&#8221;, n\u00eb fundvitet e shekullit t\u00eb kaluar ishte teknologji q\u00eb mbulonte k\u00ebrkesat e koh\u00ebs. Por, me koh\u00eb ato rriteshin, duke imponuar edhe nevoj\u00ebn e modernizimit dhe avancimit t\u00eb teknologjis\u00eb, si dhe zgjerimit t\u00eb kapaciteteve njer\u00ebzore. Pajisjet offset Planeta dhe ato t\u00eb llojeve Heidelberg, me makineri komplete p\u00ebr lib\u00ebrlidhje, qepje, lidhje t\u00eb kopertinave t\u00eb forta dhe t\u00eb tjera, u b\u00ebn\u00eb pjes\u00eb e procesit p\u00ebr t\u00eb ngritur cil\u00ebsin\u00eb, n\u00eb hap me koh\u00ebn.<\/p><p>Shtypshkronja DUKAGJINI sot \u00ebsht\u00eb sinonim i cil\u00ebsis\u00eb, duke bartur pas bagazhin me shp\u00ebrblimeve t\u00eb shumta, n\u00eb mesin e tyre edhe standardin dhe klasin m\u00eb t\u00eb lart p\u00ebr sh\u00ebrbime, jo vet\u00ebm n\u00eb Kosov\u00eb, por edhe m\u00eb gjer\u00eb.<\/p><\/div><\/div><\/div><\/div><\/section><\/div><\/div><\/div><\/div><\/section>\t\t\t\t\t\t\t\t<\/div>\n\t\t\t\t<\/div>\n\t\t<div class=\"elementor-element elementor-element-8adb763 e-con-full e-flex wpr-particle-no wpr-jarallax-no wpr-parallax-no wpr-sticky-section-no e-con e-child\" data-id=\"8adb763\" data-element_type=\"container\" data-settings=\"{&quot;background_background&quot;:&quot;classic&quot;}\">\n\t\t\t\t<div class=\"elementor-element elementor-element-177f680 elementor-position-top jltma-glass-effect-no elementor-widget elementor-widget-image-box\" data-id=\"177f680\" data-element_type=\"widget\" data-widget_type=\"image-box.default\">\n\t\t\t\t\t<div class=\"elementor-image-box-wrapper\"><figure class=\"elementor-image-box-img\"><img decoding=\"async\" width=\"48\" height=\"54\" src=\"https:\/\/dukagjinigroup.com\/wp-content\/uploads\/2025\/09\/2025-09-25-17_13_35-Window.png\" class=\"attachment-full size-full wp-image-635\" alt=\"\" \/><\/figure><div class=\"elementor-image-box-content\"><h3 class=\"elementor-image-box-title\">430<\/h3><p class=\"elementor-image-box-description\">T\u00eb pun\u00ebsuar\n\n<\/p><\/div><\/div>\t\t\t\t<\/div>\n\t\t<div class=\"elementor-element elementor-element-8efa9f5 e-con-full e-flex wpr-particle-no wpr-jarallax-no wpr-parallax-no wpr-sticky-section-no e-con e-child\" data-id=\"8efa9f5\" data-element_type=\"container\">\n\t\t\t\t<div class=\"elementor-element elementor-element-73fe0c5 elementor-widget-mobile__width-inherit jltma-glass-effect-no elementor-widget elementor-widget-image\" data-id=\"73fe0c5\" data-element_type=\"widget\" data-widget_type=\"image.default\">\n\t\t\t\t\t\t\t\t\t\t\t\t\t\t\t<img decoding=\"async\" width=\"15\" height=\"32\" src=\"https:\/\/dukagjinigroup.com\/wp-content\/uploads\/2025\/09\/2025-09-25-17_42_29-Window.png\" class=\"attachment-full size-full wp-image-662\" alt=\"\" \/>\t\t\t\t\t\t\t\t\t\t\t\t\t\t\t<\/div>\n\t\t\t\t<\/div>\n\t\t\t\t<div class=\"elementor-element elementor-element-8022c06 elementor-position-top jltma-glass-effect-no elementor-widget elementor-widget-image-box\" data-id=\"8022c06\" data-element_type=\"widget\" data-widget_type=\"image-box.default\">\n\t\t\t\t\t<div class=\"elementor-image-box-wrapper\"><figure class=\"elementor-image-box-img\"><img decoding=\"async\" width=\"42\" height=\"51\" src=\"https:\/\/dukagjinigroup.com\/wp-content\/uploads\/2025\/09\/2025-09-25-16_58_56-Window.png\" class=\"attachment-full size-full wp-image-631\" alt=\"\" \/><\/figure><div class=\"elementor-image-box-content\"><h3 class=\"elementor-image-box-title\">12<\/h3><p class=\"elementor-image-box-description\">Zyra n\u00eb Kosov\u00eb\n\n\n<\/p><\/div><\/div>\t\t\t\t<\/div>\n\t\t<div class=\"elementor-element elementor-element-facd652 e-con-full elementor-hidden-mobile e-flex wpr-particle-no wpr-jarallax-no wpr-parallax-no wpr-sticky-section-no e-con e-child\" data-id=\"facd652\" data-element_type=\"container\">\n\t\t\t\t<div class=\"elementor-element elementor-element-8bba488 jltma-glass-effect-no elementor-widget elementor-widget-image\" data-id=\"8bba488\" data-element_type=\"widget\" data-widget_type=\"image.default\">\n\t\t\t\t\t\t\t\t\t\t\t\t\t\t\t<img decoding=\"async\" width=\"15\" height=\"32\" src=\"https:\/\/dukagjinigroup.com\/wp-content\/uploads\/2025\/09\/2025-09-25-17_42_29-Window.png\" class=\"attachment-full size-full wp-image-662\" alt=\"\" \/>\t\t\t\t\t\t\t\t\t\t\t\t\t\t\t<\/div>\n\t\t\t\t<\/div>\n\t\t\t\t<div class=\"elementor-element elementor-element-4190a42 elementor-widget__width-initial elementor-position-top jltma-glass-effect-no elementor-widget elementor-widget-image-box\" data-id=\"4190a42\" data-element_type=\"widget\" data-widget_type=\"image-box.default\">\n\t\t\t\t\t<div class=\"elementor-image-box-wrapper\"><figure class=\"elementor-image-box-img\"><img loading=\"lazy\" decoding=\"async\" width=\"53\" height=\"52\" src=\"https:\/\/dukagjinigroup.com\/wp-content\/uploads\/2025\/09\/2025-09-25-16_59_12-Window.png\" class=\"attachment-full size-full wp-image-633\" alt=\"\" \/><\/figure><div class=\"elementor-image-box-content\"><h3 class=\"elementor-image-box-title\">31<\/h3><p class=\"elementor-image-box-description\">Investime t\u00eb b\u00ebra\n\n<\/p><\/div><\/div>\t\t\t\t<\/div>\n\t\t<div class=\"elementor-element elementor-element-314ad0c e-con-full e-flex wpr-particle-no wpr-jarallax-no wpr-parallax-no wpr-sticky-section-no e-con e-child\" data-id=\"314ad0c\" data-element_type=\"container\">\n\t\t\t\t<div class=\"elementor-element elementor-element-aa2309f jltma-glass-effect-no elementor-widget elementor-widget-image\" data-id=\"aa2309f\" data-element_type=\"widget\" data-widget_type=\"image.default\">\n\t\t\t\t\t\t\t\t\t\t\t\t\t\t\t<img decoding=\"async\" width=\"15\" height=\"32\" src=\"https:\/\/dukagjinigroup.com\/wp-content\/uploads\/2025\/09\/2025-09-25-17_42_29-Window.png\" class=\"attachment-full size-full wp-image-662\" alt=\"\" \/>\t\t\t\t\t\t\t\t\t\t\t\t\t\t\t<\/div>\n\t\t\t\t<\/div>\n\t\t\t\t<div class=\"elementor-element elementor-element-3061521 elementor-widget__width-initial elementor-position-top jltma-glass-effect-no elementor-widget elementor-widget-image-box\" data-id=\"3061521\" data-element_type=\"widget\" data-widget_type=\"image-box.default\">\n\t\t\t\t\t<div class=\"elementor-image-box-wrapper\"><figure class=\"elementor-image-box-img\"><img loading=\"lazy\" decoding=\"async\" width=\"62\" height=\"54\" src=\"https:\/\/dukagjinigroup.com\/wp-content\/uploads\/2025\/09\/2025-09-25-16_59_23-Window.png\" class=\"attachment-full size-full wp-image-634\" alt=\"\" \/><\/figure><div class=\"elementor-image-box-content\"><h3 class=\"elementor-image-box-title\">22<\/h3><p class=\"elementor-image-box-description\">Bursa shkollore n\u00eb vite\n\n<\/p><\/div><\/div>\t\t\t\t<\/div>\n\t\t\t\t<\/div>\n\t\t<div class=\"elementor-element elementor-element-4e04bee e-con-full e-flex wpr-particle-no wpr-jarallax-no wpr-parallax-no wpr-sticky-section-no e-con e-child\" data-id=\"4e04bee\" data-element_type=\"container\" data-settings=\"{&quot;background_background&quot;:&quot;classic&quot;}\">\n\t\t\t\t<div class=\"elementor-element elementor-element-cd9dab7 jltma-glass-effect-no elementor-invisible elementor-widget elementor-widget-text-editor\" data-id=\"cd9dab7\" data-element_type=\"widget\" data-settings=\"{&quot;_animation&quot;:&quot;fadeIn&quot;}\" data-widget_type=\"text-editor.default\">\n\t\t\t\t\t\t\t\t\t<section id=\"about-content\" class=\"pergjegjesia-kompanive\"><div class=\"container\"><div class=\"row\"><div class=\"col-md-12 col-padding-12 animated fadeIn visible\" data-animation=\"fadeIn\" data-animation-delay=\"100\"><div class=\"inner-content\"><section id=\"about-content\" class=\"pergjegjesia-kompanive\"><div class=\"container\"><div class=\"row\"><div class=\"col-md-12 col-padding-12 animated fadeIn visible\" data-animation=\"fadeIn\" data-animation-delay=\"100\"><div class=\"inner-content\"><p>Ve\u00e7 teknologjis\u00eb s\u00eb fundit n\u00eb industrin\u00eb e shtypit, k\u00ebtu duhet shtuar edhe stafin me kultur\u00eb t\u00eb lart\u00eb organizative, njohuri profesionale dhe ambicie pozitive t\u00eb arritjes s\u00eb nivelit m\u00eb t\u00eb lart\u00eb t\u00eb cil\u00ebsis\u00eb s\u00eb prodhimit dhe sh\u00ebrbimeve.<\/p><p>Duke kaluar bashk\u00eb me Kosov\u00ebn zhvillimet e vrullshme, q\u00eb nga fillimvitet e 90-ta, shtypshkronja u b\u00eb pjes\u00eb e pandar\u00eb e tyre, duke l\u00ebn\u00eb gjurm\u00eb n\u00eb ngjarjet m\u00eb madhore t\u00eb historis\u00eb son\u00eb t\u00eb re, shtet-nd\u00ebrtimit dhe identitetit t\u00eb ri politik t\u00eb Kosov\u00ebs. K\u00ebshtu, pas aktit historik t\u00eb miratimit t\u00eb Deklarat\u00ebs Kushtetuese, n\u00ebp\u00ebr makinat e shtypit kaluan libra, indeksa, vula e materiale identifikuese p\u00ebr intelektual\u00eb, student\u00eb, nx\u00ebn\u00ebs, shtetas t\u00eb Republik\u00ebs s\u00eb Kosov\u00ebs t\u00eb viteve t\u00eb 90\u2013ta dhe m\u00eb pas.<\/p><p>N\u00eb mb\u00ebshtetje t\u00eb p\u00ebrpjekjeve p\u00ebr t\u00eb ardhmen e synuar, n\u00eb periudh\u00ebn m\u00eb t\u00eb v\u00ebshtir\u00eb, Shtypshkronja tuboi n\u00eb gjirin e saj nj\u00eb grup krijuesish dhe intelektual\u00ebsh t\u00eb shquar t\u00eb koh\u00ebs dhe themeloi sht\u00ebpin\u00eb botuese, e cila p\u00ebr nj\u00eb koh\u00eb t\u00eb shkurt\u00ebr u b\u00eb lider n\u00eb veprimtarin\u00eb botuese, jo vet\u00ebm n\u00eb Kosov\u00eb, por edhe m\u00eb gjer\u00eb.<\/p><p>N\u00eb hap me k\u00ebrkesat e epok\u00ebs s\u00eb re n\u00eb tregun e industris\u00eb s\u00eb shtypit, filluan investimet n\u00eb z\u00ebvend\u00ebsimin e makinave manuale me ato digjitale, q\u00eb shpie n\u00eb avancimin e teknologjis\u00eb, uljen e kostove p\u00ebr prodhuesin dhe konsumatorin. E t\u00ebra n\u00eb p\u00ebrputhje me q\u00ebllimin kryesor: K\u00ebnaq\u00ebsia e konsumatorit, sh\u00ebrbimi cil\u00ebsor dhe distribuimi me koh\u00eb.<\/p><\/div><\/div><\/div><\/div><\/section><\/div><\/div><\/div><\/div><\/section>\t\t\t\t\t\t\t\t<\/div>\n\t\t\t\t<\/div>\n\t\t\t\t\t<\/div>\n\t\t\t\t<\/div>\n\t\t\t\t<\/div>","protected":false},"excerpt":{"rendered":"<p>Per Ne P\u00ebr Ne Emri i Korporat\u00ebs &#8220;Dukagjini&#8221; \u00ebsht\u00eb i lidhur ngusht\u00eb me p\u00ebrpjekjet e gjithanshme t\u00eb shoq\u00ebris\u00eb p\u00ebr nismat e ekonomis\u00eb private. Nj\u00eb makin\u00eb e vjet\u00ebr e tipit &#8220;TIPO&#8221; sh\u00ebnoi fillet e suksesit ton\u00eb. Nj\u00eb shtypshkronj\u00eb e vog\u00ebl, me 2-3 pun\u00ebtor\u00eb, trasoi rrug\u00ebn ton\u00eb t\u00eb afarizmit. U fillua n\u00eb vitin 1987, p\u00ebr t\u2019u b\u00ebr\u00eb sinonim i afarizmit bashk\u00ebkohor, shembull i dinamizmit dhe efikasitetit zhvillimor. Nuk u desh shum\u00eb koh\u00eb p\u00ebr t\u00eb kap\u00ebrcyer kufijt\u00eb e Kosov\u00ebs, duke u vler\u00ebsuar gjat\u00eb k\u00ebtij rrug\u00ebtimi me \u00e7mimet m\u00eb t\u00eb larta n\u00eb instancat e njohura europiane e bot\u00ebrore t\u00eb biznesit. Makina &#8220;TIPO&#8221;, n\u00eb fundvitet e shekullit t\u00eb kaluar ishte teknologji q\u00eb mbulonte k\u00ebrkesat e koh\u00ebs. Por, me koh\u00eb ato rriteshin, duke imponuar edhe nevoj\u00ebn e modernizimit dhe avancimit t\u00eb teknologjis\u00eb, si dhe zgjerimit t\u00eb kapaciteteve njer\u00ebzore. Pajisjet offset Planeta dhe ato t\u00eb llojeve Heidelberg, me makineri komplete p\u00ebr lib\u00ebrlidhje, qepje, lidhje t\u00eb kopertinave t\u00eb forta dhe t\u00eb tjera, u b\u00ebn\u00eb pjes\u00eb e procesit p\u00ebr t\u00eb ngritur cil\u00ebsin\u00eb, n\u00eb hap me koh\u00ebn. Shtypshkronja DUKAGJINI sot \u00ebsht\u00eb sinonim i cil\u00ebsis\u00eb, duke bartur pas bagazhin me shp\u00ebrblimeve t\u00eb shumta, n\u00eb mesin e tyre edhe standardin dhe klasin m\u00eb t\u00eb lart p\u00ebr sh\u00ebrbime, jo vet\u00ebm n\u00eb Kosov\u00eb, por edhe m\u00eb gjer\u00eb. 430 T\u00eb pun\u00ebsuar 12 Zyra n\u00eb Kosov\u00eb 31 Investime t\u00eb b\u00ebra 22 Bursa shkollore n\u00eb vite Ve\u00e7 teknologjis\u00eb s\u00eb fundit n\u00eb industrin\u00eb e shtypit, k\u00ebtu duhet shtuar edhe stafin me kultur\u00eb t\u00eb lart\u00eb organizative, njohuri profesionale dhe ambicie pozitive t\u00eb arritjes s\u00eb nivelit m\u00eb t\u00eb lart\u00eb t\u00eb cil\u00ebsis\u00eb s\u00eb prodhimit dhe sh\u00ebrbimeve. Duke kaluar bashk\u00eb me Kosov\u00ebn zhvillimet e vrullshme, q\u00eb nga fillimvitet e 90-ta, shtypshkronja u b\u00eb pjes\u00eb e pandar\u00eb e tyre, duke l\u00ebn\u00eb gjurm\u00eb n\u00eb ngjarjet m\u00eb madhore t\u00eb historis\u00eb son\u00eb t\u00eb re, shtet-nd\u00ebrtimit dhe identitetit t\u00eb ri politik t\u00eb Kosov\u00ebs. K\u00ebshtu, pas aktit historik t\u00eb miratimit t\u00eb Deklarat\u00ebs Kushtetuese, n\u00ebp\u00ebr makinat e shtypit kaluan libra, indeksa, vula e materiale identifikuese p\u00ebr intelektual\u00eb, student\u00eb, nx\u00ebn\u00ebs, shtetas t\u00eb Republik\u00ebs s\u00eb Kosov\u00ebs t\u00eb viteve t\u00eb 90\u2013ta dhe m\u00eb pas. N\u00eb mb\u00ebshtetje t\u00eb p\u00ebrpjekjeve p\u00ebr t\u00eb ardhmen e synuar, n\u00eb periudh\u00ebn m\u00eb t\u00eb v\u00ebshtir\u00eb, Shtypshkronja tuboi n\u00eb gjirin e saj nj\u00eb grup krijuesish dhe intelektual\u00ebsh t\u00eb shquar t\u00eb koh\u00ebs dhe themeloi sht\u00ebpin\u00eb botuese, e cila p\u00ebr nj\u00eb koh\u00eb t\u00eb shkurt\u00ebr u b\u00eb lider n\u00eb veprimtarin\u00eb botuese, jo vet\u00ebm n\u00eb Kosov\u00eb, por edhe m\u00eb gjer\u00eb. N\u00eb hap me k\u00ebrkesat e epok\u00ebs s\u00eb re n\u00eb tregun e industris\u00eb s\u00eb shtypit, filluan investimet n\u00eb z\u00ebvend\u00ebsimin e makinave manuale me ato digjitale, q\u00eb shpie n\u00eb avancimin e teknologjis\u00eb, uljen e kostove p\u00ebr prodhuesin dhe konsumatorin. E t\u00ebra n\u00eb p\u00ebrputhje me q\u00ebllimin kryesor: K\u00ebnaq\u00ebsia e konsumatorit, sh\u00ebrbimi cil\u00ebsor dhe distribuimi me koh\u00eb.<\/p>","protected":false},"author":1,"featured_media":0,"parent":0,"menu_order":0,"comment_status":"closed","ping_status":"closed","template":"elementor_header_footer","meta":{"footnotes":""},"class_list":["post-536","page","type-page","status-publish","hentry"],"_hostinger_reach_plugin_has_subscription_block":false,"_hostinger_reach_plugin_is_elementor":false,"_links":{"self":[{"href":"https:\/\/dukagjinigroup.com\/en\/wp-json\/wp\/v2\/pages\/536","targetHints":{"allow":["GET"]}}],"collection":[{"href":"https:\/\/dukagjinigroup.com\/en\/wp-json\/wp\/v2\/pages"}],"about":[{"href":"https:\/\/dukagjinigroup.com\/en\/wp-json\/wp\/v2\/types\/page"}],"author":[{"embeddable":true,"href":"https:\/\/dukagjinigroup.com\/en\/wp-json\/wp\/v2\/users\/1"}],"replies":[{"embeddable":true,"href":"https:\/\/dukagjinigroup.com\/en\/wp-json\/wp\/v2\/comments?post=536"}],"version-history":[{"count":12,"href":"https:\/\/dukagjinigroup.com\/en\/wp-json\/wp\/v2\/pages\/536\/revisions"}],"predecessor-version":[{"id":3523,"href":"https:\/\/dukagjinigroup.com\/en\/wp-json\/wp\/v2\/pages\/536\/revisions\/3523"}],"wp:attachment":[{"href":"https:\/\/dukagjinigroup.com\/en\/wp-json\/wp\/v2\/media?parent=536"}],"curies":[{"name":"wp","href":"https:\/\/api.w.org\/{rel}","templated":true}]}}