{"id":4651,"date":"2025-10-06T08:36:17","date_gmt":"2025-10-06T08:36:17","guid":{"rendered":"https:\/\/dukagjinigroup.com\/?page_id=4651"},"modified":"2025-10-06T08:36:18","modified_gmt":"2025-10-06T08:36:18","slug":"dukagjini-fiscal-solution-tiftttmeline-linker","status":"publish","type":"page","link":"https:\/\/dukagjinigroup.com\/en\/dukagjini-fiscal-solution-tiftttmeline-linker\/","title":{"rendered":"Dukagjini Fiscal Solution (Tiftttmeline Linker)"},"content":{"rendered":"<div data-elementor-type=\"wp-page\" data-elementor-id=\"4651\" class=\"elementor elementor-4651\">\n\t\t\t\t<div class=\"elementor-element elementor-element-885f837 e-flex e-con-boxed wpr-particle-no wpr-jarallax-no wpr-parallax-no wpr-sticky-section-no e-con e-parent\" data-id=\"885f837\" data-element_type=\"container\" data-settings=\"{&quot;background_background&quot;:&quot;classic&quot;}\">\n\t\t\t\t\t<div class=\"e-con-inner\">\n\t\t\t\t\t<\/div>\n\t\t\t\t<\/div>\n\t\t<div class=\"elementor-element elementor-element-8c6023c e-flex e-con-boxed wpr-particle-no wpr-jarallax-no wpr-parallax-no wpr-sticky-section-no e-con e-parent\" data-id=\"8c6023c\" data-element_type=\"container\">\n\t\t\t\t\t<div class=\"e-con-inner\">\n\t\t<div class=\"elementor-element elementor-element-fdfb854 e-con-full e-flex wpr-particle-no wpr-jarallax-no wpr-parallax-no wpr-sticky-section-no e-con e-child\" data-id=\"fdfb854\" data-element_type=\"container\">\n\t\t<div class=\"elementor-element elementor-element-e7b3815 e-con-full e-flex wpr-particle-no wpr-jarallax-no wpr-parallax-no wpr-sticky-section-no e-con e-child\" data-id=\"e7b3815\" data-element_type=\"container\" data-settings=\"{&quot;background_background&quot;:&quot;classic&quot;}\">\n\t\t<div class=\"elementor-element elementor-element-fcffd73 e-con-full e-flex wpr-particle-no wpr-jarallax-no wpr-parallax-no wpr-sticky-section-no e-con e-child\" data-id=\"fcffd73\" data-element_type=\"container\">\n\t\t\t\t<div class=\"elementor-element elementor-element-70c9406 jltma-glass-effect-no elementor-widget elementor-widget-heading\" data-id=\"70c9406\" data-element_type=\"widget\" data-widget_type=\"heading.default\">\n\t\t\t\t\t<h2 class=\"elementor-heading-title elementor-size-default\">Dukagjini<br> Fiscal Solution\n<\/h2>\t\t\t\t<\/div>\n\t\t\t\t<div class=\"elementor-element elementor-element-c7ffebb jltma-glass-effect-no elementor-widget elementor-widget-text-editor\" data-id=\"c7ffebb\" data-element_type=\"widget\" data-widget_type=\"text-editor.default\">\n\t\t\t\t\t\t\t\t\t1992\t\t\t\t\t\t\t\t<\/div>\n\t\t\t\t<\/div>\n\t\t<div class=\"elementor-element elementor-element-7805873 e-con-full e-flex wpr-particle-no wpr-jarallax-no wpr-parallax-no wpr-sticky-section-no e-con e-child\" data-id=\"7805873\" data-element_type=\"container\">\n\t\t\t\t<div class=\"elementor-element elementor-element-c310018 elementor-widget__width-initial jltma-glass-effect-no elementor-widget elementor-widget-text-editor\" data-id=\"c310018\" data-element_type=\"widget\" data-widget_type=\"text-editor.default\">\n\t\t\t\t\t\t\t\t\t<p>Si kompani e licencuar p\u00ebr importimin, shitjen dhe servisim e paisjeve fiskale, Kompania Dukagjini Fiscal Solution \u00ebsht\u00eb nj\u00eb nga faktor\u00ebt ky\u00e7 n\u00eb nj\u00ebrin prej projekteve m\u00eb t\u00eb r\u00ebnd\u00ebsishme n\u00eb Kosove, n\u00eb luftimin e ekonomis\u00eb joformale.<\/p>\t\t\t\t\t\t\t\t<\/div>\n\t\t\t\t<\/div>\n\t\t\t\t<\/div>\n\t\t\t\t<\/div>\n\t\t\t\t\t<\/div>\n\t\t\t\t<\/div>\n\t\t\t\t<\/div>","protected":false},"excerpt":{"rendered":"","protected":false},"author":1,"featured_media":0,"parent":0,"menu_order":0,"comment_status":"closed","ping_status":"closed","template":"elementor_header_footer","meta":{"footnotes":""},"class_list":["post-4651","page","type-page","status-publish","hentry"],"_hostinger_reach_plugin_has_subscription_block":false,"_hostinger_reach_plugin_is_elementor":false,"_links":{"self":[{"href":"https:\/\/dukagjinigroup.com\/en\/wp-json\/wp\/v2\/pages\/4651","targetHints":{"allow":["GET"]}}],"collection":[{"href":"https:\/\/dukagjinigroup.com\/en\/wp-json\/wp\/v2\/pages"}],"about":[{"href":"https:\/\/dukagjinigroup.com\/en\/wp-json\/wp\/v2\/types\/page"}],"author":[{"embeddable":true,"href":"https:\/\/dukagjinigroup.com\/en\/wp-json\/wp\/v2\/users\/1"}],"replies":[{"embeddable":true,"href":"https:\/\/dukagjinigroup.com\/en\/wp-json\/wp\/v2\/comments?post=4651"}],"version-history":[{"count":1,"href":"https:\/\/dukagjinigroup.com\/en\/wp-json\/wp\/v2\/pages\/4651\/revisions"}],"predecessor-version":[{"id":4652,"href":"https:\/\/dukagjinigroup.com\/en\/wp-json\/wp\/v2\/pages\/4651\/revisions\/4652"}],"wp:attachment":[{"href":"https:\/\/dukagjinigroup.com\/en\/wp-json\/wp\/v2\/media?parent=4651"}],"curies":[{"name":"wp","href":"https:\/\/api.w.org\/{rel}","templated":true}]}}