{"id":2456,"date":"2025-09-27T20:03:08","date_gmt":"2025-09-27T20:03:08","guid":{"rendered":"https:\/\/dukagjinigroup.com\/?page_id=2456"},"modified":"2025-09-30T19:35:50","modified_gmt":"2025-09-30T19:35:50","slug":"kolegji-dukagjini-timeline-linker","status":"publish","type":"page","link":"https:\/\/dukagjinigroup.com\/en\/kolegji-dukagjini-timeline-linker\/","title":{"rendered":"Kolegji Dukagjini (Timeline Linker)"},"content":{"rendered":"<div data-elementor-type=\"wp-page\" data-elementor-id=\"2456\" class=\"elementor elementor-2456\">\n\t\t\t\t<div class=\"elementor-element elementor-element-885f837 e-flex e-con-boxed wpr-particle-no wpr-jarallax-no wpr-parallax-no wpr-sticky-section-no e-con e-parent\" data-id=\"885f837\" data-element_type=\"container\" data-settings=\"{&quot;background_background&quot;:&quot;classic&quot;}\">\n\t\t\t\t\t<div class=\"e-con-inner\">\n\t\t\t\t\t<\/div>\n\t\t\t\t<\/div>\n\t\t<div class=\"elementor-element elementor-element-8c6023c e-flex e-con-boxed wpr-particle-no wpr-jarallax-no wpr-parallax-no wpr-sticky-section-no e-con e-parent\" data-id=\"8c6023c\" data-element_type=\"container\">\n\t\t\t\t\t<div class=\"e-con-inner\">\n\t\t<div class=\"elementor-element elementor-element-fdfb854 e-con-full e-flex wpr-particle-no wpr-jarallax-no wpr-parallax-no wpr-sticky-section-no e-con e-child\" data-id=\"fdfb854\" data-element_type=\"container\">\n\t\t<div class=\"elementor-element elementor-element-e7b3815 e-con-full e-flex wpr-particle-no wpr-jarallax-no wpr-parallax-no wpr-sticky-section-no e-con e-child\" data-id=\"e7b3815\" data-element_type=\"container\" data-settings=\"{&quot;background_background&quot;:&quot;classic&quot;}\">\n\t\t<div class=\"elementor-element elementor-element-fcffd73 e-con-full e-flex wpr-particle-no wpr-jarallax-no wpr-parallax-no wpr-sticky-section-no e-con e-child\" data-id=\"fcffd73\" data-element_type=\"container\">\n\t\t\t\t<div class=\"elementor-element elementor-element-70c9406 jltma-glass-effect-no elementor-widget elementor-widget-heading\" data-id=\"70c9406\" data-element_type=\"widget\" data-widget_type=\"heading.default\">\n\t\t\t\t\t<h2 class=\"elementor-heading-title elementor-size-default\">Kolegji Dukagjini\n<\/h2>\t\t\t\t<\/div>\n\t\t\t\t<div class=\"elementor-element elementor-element-c7ffebb jltma-glass-effect-no elementor-widget elementor-widget-text-editor\" data-id=\"c7ffebb\" data-element_type=\"widget\" data-widget_type=\"text-editor.default\">\n\t\t\t\t\t\t\t\t\t<p>2012<\/p>\t\t\t\t\t\t\t\t<\/div>\n\t\t\t\t<\/div>\n\t\t<div class=\"elementor-element elementor-element-7805873 e-con-full e-flex wpr-particle-no wpr-jarallax-no wpr-parallax-no wpr-sticky-section-no e-con e-child\" data-id=\"7805873\" data-element_type=\"container\">\n\t\t\t\t<div class=\"elementor-element elementor-element-c310018 elementor-widget__width-initial jltma-glass-effect-no elementor-widget elementor-widget-text-editor\" data-id=\"c310018\" data-element_type=\"widget\" data-widget_type=\"text-editor.default\">\n\t\t\t\t\t\t\t\t\tNj\u00eb prej kolegjeve t\u00eb d\u00ebshmuara si qend\u00ebr e dijes dhe zgjidhje e mir\u00eb e atyre q\u00eb duan t\u00eb nd\u00ebrtojn\u00eb karrier\u00eb t\u00eb suksesshme. Kolegji Evropian \u201cDukagjini\u201d i mbetet besnik synimit p\u00ebr t\u00eb p\u00ebrgatitur student\u00eb t\u00eb nivelit evropian n\u00eb fush\u00ebn e shkencave menaxheriale, kompjuterike, ekonomike, bankare e financiare, menaxhimit t\u00eb biznesit, shkencave juridike, politike dhe gazetaris\u00eb.\n\t\t\t\t\t\t\t\t<\/div>\n\t\t\t\t<\/div>\n\t\t\t\t<\/div>\n\t\t\t\t<\/div>\n\t\t\t\t\t<\/div>\n\t\t\t\t<\/div>\n\t\t\t\t<\/div>","protected":false},"excerpt":{"rendered":"<p>Kolegji Dukagjini 2012 Nj\u00eb prej kolegjeve t\u00eb d\u00ebshmuara si qend\u00ebr e dijes dhe zgjidhje e mir\u00eb e atyre q\u00eb duan t\u00eb nd\u00ebrtojn\u00eb karrier\u00eb t\u00eb suksesshme. Kolegji Evropian \u201cDukagjini\u201d i mbetet besnik synimit p\u00ebr t\u00eb p\u00ebrgatitur student\u00eb t\u00eb nivelit evropian n\u00eb fush\u00ebn e shkencave menaxheriale, kompjuterike, ekonomike, bankare e financiare, menaxhimit t\u00eb biznesit, shkencave juridike, politike dhe gazetaris\u00eb.<\/p>","protected":false},"author":1,"featured_media":0,"parent":0,"menu_order":0,"comment_status":"closed","ping_status":"closed","template":"elementor_header_footer","meta":{"footnotes":""},"class_list":["post-2456","page","type-page","status-publish","hentry"],"_hostinger_reach_plugin_has_subscription_block":false,"_hostinger_reach_plugin_is_elementor":false,"_links":{"self":[{"href":"https:\/\/dukagjinigroup.com\/en\/wp-json\/wp\/v2\/pages\/2456","targetHints":{"allow":["GET"]}}],"collection":[{"href":"https:\/\/dukagjinigroup.com\/en\/wp-json\/wp\/v2\/pages"}],"about":[{"href":"https:\/\/dukagjinigroup.com\/en\/wp-json\/wp\/v2\/types\/page"}],"author":[{"embeddable":true,"href":"https:\/\/dukagjinigroup.com\/en\/wp-json\/wp\/v2\/users\/1"}],"replies":[{"embeddable":true,"href":"https:\/\/dukagjinigroup.com\/en\/wp-json\/wp\/v2\/comments?post=2456"}],"version-history":[{"count":18,"href":"https:\/\/dukagjinigroup.com\/en\/wp-json\/wp\/v2\/pages\/2456\/revisions"}],"predecessor-version":[{"id":4624,"href":"https:\/\/dukagjinigroup.com\/en\/wp-json\/wp\/v2\/pages\/2456\/revisions\/4624"}],"wp:attachment":[{"href":"https:\/\/dukagjinigroup.com\/en\/wp-json\/wp\/v2\/media?parent=2456"}],"curies":[{"name":"wp","href":"https:\/\/api.w.org\/{rel}","templated":true}]}}