{"id":2424,"date":"2025-09-27T19:50:53","date_gmt":"2025-09-27T19:50:53","guid":{"rendered":"https:\/\/dukagjinigroup.com\/?page_id=2424"},"modified":"2025-09-30T19:21:36","modified_gmt":"2025-09-30T19:21:36","slug":"dukagjini-invest-timeline-linker","status":"publish","type":"page","link":"https:\/\/dukagjinigroup.com\/en\/dukagjini-invest-timeline-linker\/","title":{"rendered":"Dukagjini Invest (Timeline Linker)"},"content":{"rendered":"<div data-elementor-type=\"wp-page\" data-elementor-id=\"2424\" class=\"elementor elementor-2424\">\n\t\t\t\t<div class=\"elementor-element elementor-element-885f837 e-flex e-con-boxed wpr-particle-no wpr-jarallax-no wpr-parallax-no wpr-sticky-section-no e-con e-parent\" data-id=\"885f837\" data-element_type=\"container\" data-settings=\"{&quot;background_background&quot;:&quot;classic&quot;}\">\n\t\t\t\t\t<div class=\"e-con-inner\">\n\t\t\t\t\t<\/div>\n\t\t\t\t<\/div>\n\t\t<div class=\"elementor-element elementor-element-8c6023c e-flex e-con-boxed wpr-particle-no wpr-jarallax-no wpr-parallax-no wpr-sticky-section-no e-con e-parent\" data-id=\"8c6023c\" data-element_type=\"container\">\n\t\t\t\t\t<div class=\"e-con-inner\">\n\t\t<div class=\"elementor-element elementor-element-fdfb854 e-con-full e-flex wpr-particle-no wpr-jarallax-no wpr-parallax-no wpr-sticky-section-no e-con e-child\" data-id=\"fdfb854\" data-element_type=\"container\">\n\t\t<div class=\"elementor-element elementor-element-e7b3815 e-con-full e-flex wpr-particle-no wpr-jarallax-no wpr-parallax-no wpr-sticky-section-no e-con e-child\" data-id=\"e7b3815\" data-element_type=\"container\" data-settings=\"{&quot;background_background&quot;:&quot;classic&quot;}\">\n\t\t<div class=\"elementor-element elementor-element-fcffd73 e-con-full e-flex wpr-particle-no wpr-jarallax-no wpr-parallax-no wpr-sticky-section-no e-con e-child\" data-id=\"fcffd73\" data-element_type=\"container\">\n\t\t\t\t<div class=\"elementor-element elementor-element-70c9406 jltma-glass-effect-no elementor-widget elementor-widget-heading\" data-id=\"70c9406\" data-element_type=\"widget\" data-widget_type=\"heading.default\">\n\t\t\t\t\t<h2 class=\"elementor-heading-title elementor-size-default\">Dukagjini Invest\n<\/h2>\t\t\t\t<\/div>\n\t\t\t\t<div class=\"elementor-element elementor-element-c7ffebb jltma-glass-effect-no elementor-widget elementor-widget-text-editor\" data-id=\"c7ffebb\" data-element_type=\"widget\" data-widget_type=\"text-editor.default\">\n\t\t\t\t\t\t\t\t\t2007 \t\t\t\t\t\t\t\t<\/div>\n\t\t\t\t<\/div>\n\t\t<div class=\"elementor-element elementor-element-7805873 e-con-full e-flex wpr-particle-no wpr-jarallax-no wpr-parallax-no wpr-sticky-section-no e-con e-child\" data-id=\"7805873\" data-element_type=\"container\">\n\t\t\t\t<div class=\"elementor-element elementor-element-c310018 elementor-widget__width-initial jltma-glass-effect-no elementor-widget elementor-widget-text-editor\" data-id=\"c310018\" data-element_type=\"widget\" data-widget_type=\"text-editor.default\">\n\t\t\t\t\t\t\t\t\t\u00cbsht\u00eb kompania q\u00eb hulumton mund\u00ebsit\u00eb e investimit. \u201cDukagjini Invest\u201d \u00ebsht\u00eb pajisur me licenc\u00eb nga Asociacioni i Qendrave Tregtare Bot\u00ebrore me baz\u00eb n\u00eb New York. Kjo licenc\u00eb i jep t\u00eb drejt\u00eb Kompanis\u00eb t\u00eb nd\u00ebrtoj nj\u00eb Qend\u00ebr Tregtare Bot\u00ebrore n\u00eb Prishtin\u00eb, duke e b\u00ebr\u00eb k\u00ebshtu Kosov\u00ebn hallk\u00eb n\u00eb zinxhirin e rrjetit t\u00eb QTB-ve t\u00eb Globit.\n\t\t\t\t\t\t\t\t<\/div>\n\t\t\t\t<\/div>\n\t\t\t\t<\/div>\n\t\t\t\t<\/div>\n\t\t\t\t\t<\/div>\n\t\t\t\t<\/div>\n\t\t\t\t<\/div>","protected":false},"excerpt":{"rendered":"<p>Dukagjini Invest 2007 \u00cbsht\u00eb kompania q\u00eb hulumton mund\u00ebsit\u00eb e investimit. \u201cDukagjini Invest\u201d \u00ebsht\u00eb pajisur me licenc\u00eb nga Asociacioni i Qendrave Tregtare Bot\u00ebrore me baz\u00eb n\u00eb New York. Kjo licenc\u00eb i jep t\u00eb drejt\u00eb Kompanis\u00eb t\u00eb nd\u00ebrtoj nj\u00eb Qend\u00ebr Tregtare Bot\u00ebrore n\u00eb Prishtin\u00eb, duke e b\u00ebr\u00eb k\u00ebshtu Kosov\u00ebn hallk\u00eb n\u00eb zinxhirin e rrjetit t\u00eb QTB-ve t\u00eb Globit.<\/p>","protected":false},"author":1,"featured_media":0,"parent":0,"menu_order":0,"comment_status":"closed","ping_status":"closed","template":"elementor_header_footer","meta":{"footnotes":""},"class_list":["post-2424","page","type-page","status-publish","hentry"],"_hostinger_reach_plugin_has_subscription_block":false,"_hostinger_reach_plugin_is_elementor":false,"_links":{"self":[{"href":"https:\/\/dukagjinigroup.com\/en\/wp-json\/wp\/v2\/pages\/2424","targetHints":{"allow":["GET"]}}],"collection":[{"href":"https:\/\/dukagjinigroup.com\/en\/wp-json\/wp\/v2\/pages"}],"about":[{"href":"https:\/\/dukagjinigroup.com\/en\/wp-json\/wp\/v2\/types\/page"}],"author":[{"embeddable":true,"href":"https:\/\/dukagjinigroup.com\/en\/wp-json\/wp\/v2\/users\/1"}],"replies":[{"embeddable":true,"href":"https:\/\/dukagjinigroup.com\/en\/wp-json\/wp\/v2\/comments?post=2424"}],"version-history":[{"count":21,"href":"https:\/\/dukagjinigroup.com\/en\/wp-json\/wp\/v2\/pages\/2424\/revisions"}],"predecessor-version":[{"id":4618,"href":"https:\/\/dukagjinigroup.com\/en\/wp-json\/wp\/v2\/pages\/2424\/revisions\/4618"}],"wp:attachment":[{"href":"https:\/\/dukagjinigroup.com\/en\/wp-json\/wp\/v2\/media?parent=2424"}],"curies":[{"name":"wp","href":"https:\/\/api.w.org\/{rel}","templated":true}]}}