{"id":2386,"date":"2025-09-27T19:38:33","date_gmt":"2025-09-27T19:38:33","guid":{"rendered":"https:\/\/dukagjinigroup.com\/?page_id=2386"},"modified":"2025-09-30T19:11:31","modified_gmt":"2025-09-30T19:11:31","slug":"tobakos-timeline-linker","status":"publish","type":"page","link":"https:\/\/dukagjinigroup.com\/en\/tobakos-timeline-linker\/","title":{"rendered":"Tobakos (Timeline Linker)"},"content":{"rendered":"<div data-elementor-type=\"wp-page\" data-elementor-id=\"2386\" class=\"elementor elementor-2386\">\n\t\t\t\t<div class=\"elementor-element elementor-element-885f837 e-flex e-con-boxed wpr-particle-no wpr-jarallax-no wpr-parallax-no wpr-sticky-section-no e-con e-parent\" data-id=\"885f837\" data-element_type=\"container\" data-settings=\"{&quot;background_background&quot;:&quot;classic&quot;}\">\n\t\t\t\t\t<div class=\"e-con-inner\">\n\t\t\t\t\t<\/div>\n\t\t\t\t<\/div>\n\t\t<div class=\"elementor-element elementor-element-8c6023c e-flex e-con-boxed wpr-particle-no wpr-jarallax-no wpr-parallax-no wpr-sticky-section-no e-con e-parent\" data-id=\"8c6023c\" data-element_type=\"container\">\n\t\t\t\t\t<div class=\"e-con-inner\">\n\t\t<div class=\"elementor-element elementor-element-fdfb854 e-con-full e-flex wpr-particle-no wpr-jarallax-no wpr-parallax-no wpr-sticky-section-no e-con e-child\" data-id=\"fdfb854\" data-element_type=\"container\">\n\t\t<div class=\"elementor-element elementor-element-e7b3815 e-con-full e-flex wpr-particle-no wpr-jarallax-no wpr-parallax-no wpr-sticky-section-no e-con e-child\" data-id=\"e7b3815\" data-element_type=\"container\" data-settings=\"{&quot;background_background&quot;:&quot;classic&quot;}\">\n\t\t<div class=\"elementor-element elementor-element-fcffd73 e-con-full e-flex wpr-particle-no wpr-jarallax-no wpr-parallax-no wpr-sticky-section-no e-con e-child\" data-id=\"fcffd73\" data-element_type=\"container\">\n\t\t\t\t<div class=\"elementor-element elementor-element-70c9406 jltma-glass-effect-no elementor-widget elementor-widget-heading\" data-id=\"70c9406\" data-element_type=\"widget\" data-widget_type=\"heading.default\">\n\t\t\t\t\t<h2 class=\"elementor-heading-title elementor-size-default\">Tobakos<\/h2>\t\t\t\t<\/div>\n\t\t\t\t<div class=\"elementor-element elementor-element-c7ffebb jltma-glass-effect-no elementor-widget elementor-widget-text-editor\" data-id=\"c7ffebb\" data-element_type=\"widget\" data-widget_type=\"text-editor.default\">\n\t\t\t\t\t\t\t\t\t2002\t\t\t\t\t\t\t\t<\/div>\n\t\t\t\t<\/div>\n\t\t<div class=\"elementor-element elementor-element-7805873 e-con-full e-flex wpr-particle-no wpr-jarallax-no wpr-parallax-no wpr-sticky-section-no e-con e-child\" data-id=\"7805873\" data-element_type=\"container\">\n\t\t\t\t<div class=\"elementor-element elementor-element-c310018 elementor-widget__width-initial jltma-glass-effect-no elementor-widget elementor-widget-text-editor\" data-id=\"c310018\" data-element_type=\"widget\" data-widget_type=\"text-editor.default\">\n\t\t\t\t\t\t\t\t\tP\u00ebrfaq\u00ebsuese ekskluzive e disa prej markave m\u00eb prestigjioze t\u00eb duhanit. Kompania posedon rrjetin m\u00eb t\u00eb sofistikuar t\u00eb distributor\u00ebve dhe ka shtrirje n\u00eb gjith\u00eb Kosov\u00ebn.\n\t\t\t\t\t\t\t\t<\/div>\n\t\t\t\t<\/div>\n\t\t\t\t<\/div>\n\t\t\t\t<\/div>\n\t\t\t\t\t<\/div>\n\t\t\t\t<\/div>\n\t\t\t\t<\/div>","protected":false},"excerpt":{"rendered":"<p>Tobakos 2002P\u00ebrfaq\u00ebsuese ekskluzive e disa prej markave m\u00eb prestigjioze t\u00eb duhanit. Kompania posedon rrjetin m\u00eb t\u00eb sofistikuar t\u00eb distributor\u00ebve dhe ka shtrirje n\u00eb gjith\u00eb Kosov\u00ebn.<\/p>","protected":false},"author":1,"featured_media":0,"parent":0,"menu_order":0,"comment_status":"closed","ping_status":"closed","template":"elementor_header_footer","meta":{"footnotes":""},"class_list":["post-2386","page","type-page","status-publish","hentry"],"_hostinger_reach_plugin_has_subscription_block":false,"_hostinger_reach_plugin_is_elementor":false,"_links":{"self":[{"href":"https:\/\/dukagjinigroup.com\/en\/wp-json\/wp\/v2\/pages\/2386","targetHints":{"allow":["GET"]}}],"collection":[{"href":"https:\/\/dukagjinigroup.com\/en\/wp-json\/wp\/v2\/pages"}],"about":[{"href":"https:\/\/dukagjinigroup.com\/en\/wp-json\/wp\/v2\/types\/page"}],"author":[{"embeddable":true,"href":"https:\/\/dukagjinigroup.com\/en\/wp-json\/wp\/v2\/users\/1"}],"replies":[{"embeddable":true,"href":"https:\/\/dukagjinigroup.com\/en\/wp-json\/wp\/v2\/comments?post=2386"}],"version-history":[{"count":15,"href":"https:\/\/dukagjinigroup.com\/en\/wp-json\/wp\/v2\/pages\/2386\/revisions"}],"predecessor-version":[{"id":4594,"href":"https:\/\/dukagjinigroup.com\/en\/wp-json\/wp\/v2\/pages\/2386\/revisions\/4594"}],"wp:attachment":[{"href":"https:\/\/dukagjinigroup.com\/en\/wp-json\/wp\/v2\/media?parent=2386"}],"curies":[{"name":"wp","href":"https:\/\/api.w.org\/{rel}","templated":true}]}}