{"id":2325,"date":"2025-09-27T19:19:34","date_gmt":"2025-09-27T19:19:34","guid":{"rendered":"https:\/\/dukagjinigroup.com\/?page_id=2325"},"modified":"2025-09-30T19:12:24","modified_gmt":"2025-09-30T19:12:24","slug":"sshperndane-rrjetin-e-kiosqeve-dukagjini-timeline-linker","status":"publish","type":"page","link":"https:\/\/dukagjinigroup.com\/en\/sshperndane-rrjetin-e-kiosqeve-dukagjini-timeline-linker\/","title":{"rendered":"Sshperndane-rrjetin-e-kiosqeve-dukagjini (Timeline Linker)"},"content":{"rendered":"<div data-elementor-type=\"wp-page\" data-elementor-id=\"2325\" class=\"elementor elementor-2325\">\n\t\t\t\t<div class=\"elementor-element elementor-element-885f837 e-flex e-con-boxed wpr-particle-no wpr-jarallax-no wpr-parallax-no wpr-sticky-section-no e-con e-parent\" data-id=\"885f837\" data-element_type=\"container\" data-settings=\"{&quot;background_background&quot;:&quot;classic&quot;}\">\n\t\t\t\t\t<div class=\"e-con-inner\">\n\t\t\t\t\t<\/div>\n\t\t\t\t<\/div>\n\t\t<div class=\"elementor-element elementor-element-8c6023c e-flex e-con-boxed wpr-particle-no wpr-jarallax-no wpr-parallax-no wpr-sticky-section-no e-con e-parent\" data-id=\"8c6023c\" data-element_type=\"container\">\n\t\t\t\t\t<div class=\"e-con-inner\">\n\t\t<div class=\"elementor-element elementor-element-fdfb854 e-con-full e-flex wpr-particle-no wpr-jarallax-no wpr-parallax-no wpr-sticky-section-no e-con e-child\" data-id=\"fdfb854\" data-element_type=\"container\">\n\t\t<div class=\"elementor-element elementor-element-e7b3815 e-con-full e-flex wpr-particle-no wpr-jarallax-no wpr-parallax-no wpr-sticky-section-no e-con e-child\" data-id=\"e7b3815\" data-element_type=\"container\" data-settings=\"{&quot;background_background&quot;:&quot;classic&quot;}\">\n\t\t<div class=\"elementor-element elementor-element-fcffd73 e-con-full e-flex wpr-particle-no wpr-jarallax-no wpr-parallax-no wpr-sticky-section-no e-con e-child\" data-id=\"fcffd73\" data-element_type=\"container\">\n\t\t\t\t<div class=\"elementor-element elementor-element-70c9406 jltma-glass-effect-no elementor-widget elementor-widget-heading\" data-id=\"70c9406\" data-element_type=\"widget\" data-widget_type=\"heading.default\">\n\t\t\t\t\t<h2 class=\"elementor-heading-title elementor-size-default\">Shp\u00ebrndan\u00eb rrjetin e kiosqeve Dukagjini\n<\/h2>\t\t\t\t<\/div>\n\t\t\t\t<div class=\"elementor-element elementor-element-c7ffebb jltma-glass-effect-no elementor-widget elementor-widget-text-editor\" data-id=\"c7ffebb\" data-element_type=\"widget\" data-widget_type=\"text-editor.default\">\n\t\t\t\t\t\t\t\t\t1993\t\t\t\t\t\t\t\t<\/div>\n\t\t\t\t<\/div>\n\t\t<div class=\"elementor-element elementor-element-7805873 e-con-full e-flex wpr-particle-no wpr-jarallax-no wpr-parallax-no wpr-sticky-section-no e-con e-child\" data-id=\"7805873\" data-element_type=\"container\">\n\t\t\t\t<div class=\"elementor-element elementor-element-c310018 elementor-widget__width-initial jltma-glass-effect-no elementor-widget elementor-widget-text-editor\" data-id=\"c310018\" data-element_type=\"widget\" data-widget_type=\"text-editor.default\">\n\t\t\t\t\t\t\t\t\t<p>Problemet politike kishin sjell\u00eb v\u00ebshtir\u00ebsi t\u00eb m\u00ebdha ekonomike p\u00ebr qytetar\u00ebt e Kosov\u00ebs q\u00eb tashm\u00eb po jetonin kryesisht vet\u00ebm nga ndihma e familjar\u00ebve n\u00eb ekzil. Shp\u00ebrndarja e nj\u00eb rrejti t\u00eb madh t\u00eb kiosqeve t\u00eb Dukagjinit n\u00ebp\u00ebr familje t\u00eb ndryshme kosovare do t\u00eb mund\u00ebsonte q\u00eb t\u00eb zbutej papun\u00ebsia enorme e asaj kohe tek popullata shumic\u00eb.<\/p>\t\t\t\t\t\t\t\t<\/div>\n\t\t\t\t<\/div>\n\t\t\t\t<\/div>\n\t\t\t\t<\/div>\n\t\t\t\t\t<\/div>\n\t\t\t\t<\/div>\n\t\t\t\t<\/div>","protected":false},"excerpt":{"rendered":"<p>Shp\u00ebrndan\u00eb rrjetin e kiosqeve Dukagjini 1993 Problemet politike kishin sjell\u00eb v\u00ebshtir\u00ebsi t\u00eb m\u00ebdha ekonomike p\u00ebr qytetar\u00ebt e Kosov\u00ebs q\u00eb tashm\u00eb po jetonin kryesisht vet\u00ebm nga ndihma e familjar\u00ebve n\u00eb ekzil. Shp\u00ebrndarja e nj\u00eb rrejti t\u00eb madh t\u00eb kiosqeve t\u00eb Dukagjinit n\u00ebp\u00ebr familje t\u00eb ndryshme kosovare do t\u00eb mund\u00ebsonte q\u00eb t\u00eb zbutej papun\u00ebsia enorme e asaj kohe tek popullata shumic\u00eb.<\/p>","protected":false},"author":1,"featured_media":0,"parent":0,"menu_order":0,"comment_status":"closed","ping_status":"closed","template":"elementor_header_footer","meta":{"footnotes":""},"class_list":["post-2325","page","type-page","status-publish","hentry"],"_hostinger_reach_plugin_has_subscription_block":false,"_hostinger_reach_plugin_is_elementor":false,"_links":{"self":[{"href":"https:\/\/dukagjinigroup.com\/en\/wp-json\/wp\/v2\/pages\/2325","targetHints":{"allow":["GET"]}}],"collection":[{"href":"https:\/\/dukagjinigroup.com\/en\/wp-json\/wp\/v2\/pages"}],"about":[{"href":"https:\/\/dukagjinigroup.com\/en\/wp-json\/wp\/v2\/types\/page"}],"author":[{"embeddable":true,"href":"https:\/\/dukagjinigroup.com\/en\/wp-json\/wp\/v2\/users\/1"}],"replies":[{"embeddable":true,"href":"https:\/\/dukagjinigroup.com\/en\/wp-json\/wp\/v2\/comments?post=2325"}],"version-history":[{"count":12,"href":"https:\/\/dukagjinigroup.com\/en\/wp-json\/wp\/v2\/pages\/2325\/revisions"}],"predecessor-version":[{"id":4597,"href":"https:\/\/dukagjinigroup.com\/en\/wp-json\/wp\/v2\/pages\/2325\/revisions\/4597"}],"wp:attachment":[{"href":"https:\/\/dukagjinigroup.com\/en\/wp-json\/wp\/v2\/media?parent=2325"}],"curies":[{"name":"wp","href":"https:\/\/api.w.org\/{rel}","templated":true}]}}